{"id":8,"date":"2025-12-08T17:47:21","date_gmt":"2025-12-08T17:47:21","guid":{"rendered":"https:\/\/wdenon.com\/greenerinspection\/?page_id=8"},"modified":"2025-12-10T15:13:05","modified_gmt":"2025-12-10T15:13:05","slug":"8-2","status":"publish","type":"page","link":"https:\/\/wdenon.com\/greenerinspection\/","title":{"rendered":"Accueil"},"content":{"rendered":"<header id=\"SITE_HEADER\" class=\"xU8fqS SITE_HEADER wixui-header\" tabindex=\"-1\">\n<div class=\"U4Bvut\">\n<div class=\"CJF7A2\">\n<div class=\"\" data-mesh-id=\"SITE_HEADERinlineContent\" data-testid=\"inline-content\">\n<div data-mesh-id=\"SITE_HEADERinlineContent-gridContainer\" data-testid=\"mesh-container-content\">\n<nav id=\"DrpDwnMn0navContainer\" class=\"ONlyPu\" aria-label=\"Site\">\n<div id=\"DrpDwnMn0dropWrapper\" class=\"A4aeYo\" data-dropalign=\"center\" data-dropdown-shown=\"false\"><\/div>\n<\/nav>\n<\/div>\n<\/div>\n<\/div>\n<\/div>\n<\/header>\n<div id=\"SITE_PAGES\" class=\"JsJXaX SITE_PAGES\">\n<div id=\"SITE_PAGES_TRANSITION_GROUP\" class=\"AnQkDU\">\n<div id=\"mainPage\" class=\"dBAkHi mainPage\">\n<div class=\"HT5ybB\">\n<div id=\"ContainermainPage\" class=\"ContainermainPage SPY_vo\">\n<div class=\"\" data-mesh-id=\"ContainermainPageinlineContent\" data-testid=\"inline-content\">\n<div data-mesh-id=\"ContainermainPageinlineContent-gridContainer\" data-testid=\"mesh-container-content\">\n<section id=\"comp-ldnwaccx\" class=\"Oqnisf comp-ldnwaccx wixui-section\" tabindex=\"-1\" data-block-level-container=\"ClassicSection\">\n<div class=\"\" data-mesh-id=\"comp-ldnwaccxinlineContent\" data-testid=\"inline-content\">\n<div data-mesh-id=\"comp-ldnwaccxinlineContent-gridContainer\" data-testid=\"mesh-container-content\">\n<section id=\"comp-l5r4drzl\" class=\"comp-l5r4drzl CohWsy wixui-column-strip\">\n<div id=\"bgLayers_comp-l5r4drzl\" class=\"if7Vw2\" data-hook=\"bgLayers\" data-motion-part=\"BG_LAYER comp-l5r4drzl\">\n<div class=\"tcElKx i1tH8h\" data-testid=\"colorUnderlay\">\n<h4 class=\"font_2 wixui-rich-text__text\" style=\"text-align: center;\"><span style=\"color: #ff0000;\"><strong><span class=\"wixui-rich-text__text\">Prenez note que nous n&rsquo;offrons plus le service d&rsquo;inspection pr\u00e9-achat.<\/span><\/strong><\/span><\/h4>\n<\/div>\n<div id=\"bgMedia_comp-l5r4drzl\" class=\"wG8dni\" data-motion-part=\"BG_MEDIA comp-l5r4drzl\"><\/div>\n<\/div>\n<div class=\"V5AUxf\" data-testid=\"columns\">\n<div id=\"comp-l5r4ds4v\" class=\"comp-l5r4ds4v YzqVVZ wixui-column-strip__column\">\n<div id=\"bgLayers_comp-l5r4ds4v\" class=\"MW5IWV\" data-hook=\"bgLayers\" data-motion-part=\"BG_LAYER comp-l5r4ds4v\">\n<div class=\"LWbAav Kv1aVt\" data-testid=\"colorUnderlay\"><\/div>\n<div id=\"bgMedia_comp-l5r4ds4v\" class=\"VgO9Yg\" data-motion-part=\"BG_MEDIA comp-l5r4ds4v\"><img loading=\"lazy\" decoding=\"async\" class=\"aligncenter\" src=\"https:\/\/static.wixstatic.com\/media\/2495fb_ffbf296509d54246a47cb55ca589e2e5~mv2.png\/v1\/fill\/w_1640,h_397,al_c,q_90,enc_avif,quality_auto\/2495fb_ffbf296509d54246a47cb55ca589e2e5~mv2.png\" alt=\"Sans titre (41).png\" width=\"980\" height=\"368\" data-ssr-src-done=\"true\" \/><\/div>\n<\/div>\n<div class=\"\" data-mesh-id=\"comp-l5r4ds4vinlineContent\" data-testid=\"inline-content\">\n<div data-mesh-id=\"comp-l5r4ds4vinlineContent-gridContainer\" data-testid=\"mesh-container-content\">\n<div id=\"comp-l5r4ds5q\" class=\"Z_l5lU ku3DBC zQ9jDz qvSjx3 Vq6kJx comp-l5r4ds5q wixui-rich-text\" data-testid=\"richTextElement\">\n<h1><\/h1>\n<h1 class=\"font_0 wixui-rich-text__text\" style=\"text-align: center;\"><span class=\"wixui-rich-text__text\">BIENVENUE <\/span><span style=\"font-size: 32px;\">dans le monde de l&rsquo;inspection en b\u00e2timent<\/span><\/h1>\n<\/div>\n<\/div>\n<\/div>\n<\/div>\n<\/div>\n<\/section>\n<\/div>\n<\/div>\n<\/section>\n<section id=\"comp-ldnwgt8k\" class=\"Oqnisf comp-ldnwgt8k wixui-section\" tabindex=\"-1\" data-block-level-container=\"ClassicSection\">\n<div id=\"bgLayers_comp-ldnwgt8k\" class=\"MW5IWV\" data-hook=\"bgLayers\" data-motion-part=\"BG_LAYER comp-ldnwgt8k\">\n<div class=\"LWbAav Kv1aVt\" style=\"text-align: center;\" data-testid=\"colorUnderlay\">______________________<\/div>\n<\/div>\n<\/section>\n<section id=\"comp-ldnwgwq6\" class=\"Oqnisf comp-ldnwgwq6 wixui-section\" tabindex=\"-1\" data-block-level-container=\"ClassicSection\">\n<div class=\"\" data-mesh-id=\"comp-ldnwgwq6inlineContent\" data-testid=\"inline-content\">\n<div data-mesh-id=\"comp-ldnwgwq6inlineContent-gridContainer\" data-testid=\"mesh-container-content\">\n<section id=\"comp-ldnwgwsj\" class=\"comp-ldnwgwsj CohWsy wixui-column-strip\">\n<div class=\"V5AUxf\" data-testid=\"columns\">\n<div id=\"comp-ldnwgwsz\" class=\"comp-ldnwgwsz YzqVVZ wixui-column-strip__column\">\n<div class=\"\" data-mesh-id=\"comp-ldnwgwszinlineContent\" data-testid=\"inline-content\">\n<div data-mesh-id=\"comp-ldnwgwszinlineContent-gridContainer\" data-testid=\"mesh-container-content\">\n<div id=\"comp-ldnwgwt9\" class=\"Z_l5lU ku3DBC zQ9jDz qvSjx3 Vq6kJx comp-ldnwgwt9 wixui-rich-text\" data-testid=\"richTextElement\">\n<h2 class=\"font_2 wixui-rich-text__text\"><\/h2>\n<\/div>\n<div id=\"comp-ldnwgwtm\" class=\"Z_l5lU ku3DBC zQ9jDz qvSjx3 Vq6kJx comp-ldnwgwtm wixui-rich-text\" data-testid=\"richTextElement\">\n<h2 class=\"font_2 wixui-rich-text__text\"><span class=\"wixui-rich-text__text\">G.R.E.E.N.E.R. inspection est une entreprise d&rsquo;inspections en b\u00e2timents et de services-conseils en efficacit\u00e9 \u00e9nerg\u00e9tique. <\/span><\/h2>\n<h2 class=\"font_2 wixui-rich-text__text\"><span class=\"wixui-rich-text__text\">Nous desservons le Bas-Saint-Laurent, la Gasp\u00e9sie et les \u00celes-de-la-Madeleine.<\/span><\/h2>\n<\/div>\n<div id=\"comp-ldnwgwto\" class=\"comp-ldnwgwto aVng1S wixui-horizontal-line\"><\/div>\n<\/div>\n<\/div>\n<\/div>\n<\/div>\n<\/section>\n<\/div>\n<\/div>\n<\/section>\n<section id=\"comp-ldnwj6d3\" class=\"Oqnisf comp-ldnwj6d3 wixui-section\" tabindex=\"-1\" data-block-level-container=\"ClassicSection\">\n<div id=\"bgLayers_comp-ldnwj6d3\" class=\"MW5IWV\" data-hook=\"bgLayers\" data-motion-part=\"BG_LAYER comp-ldnwj6d3\">\n<div class=\"LWbAav Kv1aVt\" data-testid=\"colorUnderlay\"><\/div>\n<div id=\"bgMedia_comp-ldnwj6d3\" class=\"VgO9Yg\" style=\"text-align: center;\" data-motion-part=\"BG_MEDIA comp-ldnwj6d3\">______________________<\/div>\n<\/div>\n<div class=\"\" data-mesh-id=\"comp-ldnwj6d3inlineContent\" data-testid=\"inline-content\">\n<div data-mesh-id=\"comp-ldnwj6d3inlineContent-gridContainer\" data-testid=\"mesh-container-content\">\n<section id=\"comp-ldnwjby7\" class=\"comp-ldnwjby7 CohWsy wixui-column-strip\">\n<div id=\"bgLayers_comp-ldnwjby7\" class=\"if7Vw2\" data-hook=\"bgLayers\" data-motion-part=\"BG_LAYER comp-ldnwjby7\">\n<div data-motion-part=\"BG_MEDIA comp-ldnwjby7\"><\/div>\n<div data-motion-part=\"BG_MEDIA comp-ldnwjby7\"><\/div>\n<div data-motion-part=\"BG_MEDIA comp-ldnwjby7\"><\/div>\n<div data-motion-part=\"BG_MEDIA comp-ldnwjby7\"><\/div>\n<div data-motion-part=\"BG_MEDIA comp-ldnwjby7\"><\/div>\n<p><img loading=\"lazy\" decoding=\"async\" class=\"size-medium wp-image-243 alignleft\" src=\"https:\/\/wdenon.com\/greenerinspection\/wp-content\/uploads\/2025\/12\/pierluc5-300x300.png\" alt=\"\" width=\"300\" height=\"300\" srcset=\"https:\/\/wdenon.com\/greenerinspection\/wp-content\/uploads\/2025\/12\/pierluc5-300x300.png 300w, https:\/\/wdenon.com\/greenerinspection\/wp-content\/uploads\/2025\/12\/pierluc5-150x150.png 150w, https:\/\/wdenon.com\/greenerinspection\/wp-content\/uploads\/2025\/12\/pierluc5-24x24.png 24w, https:\/\/wdenon.com\/greenerinspection\/wp-content\/uploads\/2025\/12\/pierluc5-36x36.png 36w, https:\/\/wdenon.com\/greenerinspection\/wp-content\/uploads\/2025\/12\/pierluc5-48x48.png 48w, https:\/\/wdenon.com\/greenerinspection\/wp-content\/uploads\/2025\/12\/pierluc5.png 500w\" sizes=\"auto, (max-width: 300px) 100vw, 300px\" \/><\/div>\n<div class=\"V5AUxf\" data-testid=\"columns\">\n<div id=\"comp-ldnwjc2j\" class=\"comp-ldnwjc2j YzqVVZ wixui-column-strip__column\">\n<div class=\"\" data-mesh-id=\"comp-ldnwjc2jinlineContent\" data-testid=\"inline-content\">\n<div data-mesh-id=\"comp-ldnwjc2jinlineContent-gridContainer\" data-testid=\"mesh-container-content\">\n<section id=\"comp-ldnwjc2y\" class=\"comp-ldnwjc2y CohWsy wixui-column-strip\">\n<div class=\"V5AUxf\" data-testid=\"columns\">\n<div id=\"comp-ldnwjc32\" class=\"comp-ldnwjc32 YzqVVZ wixui-column-strip__column\">\n<div class=\"\" data-mesh-id=\"comp-ldnwjc32inlineContent\" data-testid=\"inline-content\">\n<div data-mesh-id=\"comp-ldnwjc32inlineContent-gridContainer\" data-testid=\"mesh-container-content\">\n<div id=\"comp-ldnwjc3z\" class=\"Z_l5lU ku3DBC zQ9jDz qvSjx3 Vq6kJx comp-ldnwjc3z wixui-rich-text\" data-testid=\"richTextElement\">\n<h3 class=\"font_0 wixui-rich-text__text\"><strong><em><span class=\"wixui-rich-text__text\">Pier-Luc Denoncourt<\/span><\/em><\/strong><\/h3>\n<p class=\"font_0 wixui-rich-text__text\" style=\"text-align: left;\"><span style=\"font-size: 16px;\">Propri\u00e9taire<\/span><\/p>\n<\/div>\n<div id=\"comp-ldnwjc42\" class=\"Z_l5lU ku3DBC zQ9jDz qvSjx3 Vq6kJx comp-ldnwjc42 wixui-rich-text\" data-testid=\"richTextElement\">\n<p class=\"font_8 wixui-rich-text__text\" style=\"text-align: left;\"><span class=\"wixui-rich-text__text\">Conseiller en efficacit\u00e9 \u00e9nerg\u00e9tique<\/span><\/p>\n<\/div>\n<\/div>\n<\/div>\n<\/div>\n<div id=\"comp-ldnwjc45\" class=\"comp-ldnwjc45 YzqVVZ wixui-column-strip__column\">\n<div id=\"bgLayers_comp-ldnwjc45\" class=\"MW5IWV\" data-hook=\"bgLayers\" data-motion-part=\"BG_LAYER comp-ldnwjc45\">\n<div id=\"bgMedia_comp-ldnwjc45\" class=\"VgO9Yg\" data-motion-part=\"BG_MEDIA comp-ldnwjc45\"><\/div>\n<\/div>\n<div class=\"\" data-mesh-id=\"comp-ldnwjc45inlineContent\" data-testid=\"inline-content\">\n<div data-mesh-id=\"comp-ldnwjc45inlineContent-gridContainer\" data-testid=\"mesh-container-content\">\n<h2 id=\"comp-md2y71un\" class=\"comp-md2y71un\" data-semantic-classname=\"button\"><\/h2>\n<div id=\"comp-md2y8eo4\" class=\"Z_l5lU ku3DBC zQ9jDz qvSjx3 Vq6kJx comp-md2y8eo4 wixui-rich-text\" data-testid=\"richTextElement\">\n<h2 class=\"font_2 wixui-rich-text__text\" style=\"text-align: center;\"><\/h2>\n<\/div>\n<\/div>\n<\/div>\n<\/div>\n<\/div>\n<\/section>\n<\/div>\n<\/div>\n<\/div>\n<\/div>\n<\/section>\n<\/div>\n<\/div>\n<\/section>\n<\/div>\n<\/div>\n<\/div>\n<\/div>\n<\/div>\n<\/div>\n<\/div>\n<p>&nbsp;<\/p>\n<p>&nbsp;<\/p>\n<div id=\"pinnedBottomRight\" class=\"pinnedBottomRight\">\n<div id=\"comp-jgrzuew7-pinned-layer\" class=\"comp-jgrzuew7-pinned-layer big2ZD\">\n<p id=\"comp-jgrzuew7\" class=\"OQ8Tzd comp-jgrzuew7\" style=\"text-align: center;\"><a href=\"https:\/\/wdenon.com\/greenerinspection\/index.php\/politique\/\">Politique de confidentialit\u00e9.<\/a><\/p>\n<\/div>\n<\/div>\n","protected":false},"excerpt":{"rendered":"<p>Prenez note que nous n&rsquo;offrons plus le service d&rsquo;inspection pr\u00e9-achat. BIENVENUE dans le monde de l&rsquo;inspection en b\u00e2timent ______________________ G.R.E.E.N.E.R. inspection est une entreprise d&rsquo;inspections en b\u00e2timents et de services-conseils en efficacit\u00e9 \u00e9nerg\u00e9tique. Nous desservons le Bas-Saint-Laurent, la Gasp\u00e9sie et les \u00celes-de-la-Madeleine. ______________________ Pier-Luc Denoncourt Propri\u00e9taire Conseiller en efficacit\u00e9 \u00e9nerg\u00e9tique &nbsp; &nbsp; Politique de confidentialit\u00e9.<\/p>\n","protected":false},"author":1,"featured_media":0,"parent":0,"menu_order":0,"comment_status":"closed","ping_status":"closed","template":"template-fullwidth.php","meta":{"footnotes":""},"class_list":["post-8","page","type-page","status-publish","hentry"],"_links":{"self":[{"href":"https:\/\/wdenon.com\/greenerinspection\/index.php\/wp-json\/wp\/v2\/pages\/8","targetHints":{"allow":["GET"]}}],"collection":[{"href":"https:\/\/wdenon.com\/greenerinspection\/index.php\/wp-json\/wp\/v2\/pages"}],"about":[{"href":"https:\/\/wdenon.com\/greenerinspection\/index.php\/wp-json\/wp\/v2\/types\/page"}],"author":[{"embeddable":true,"href":"https:\/\/wdenon.com\/greenerinspection\/index.php\/wp-json\/wp\/v2\/users\/1"}],"replies":[{"embeddable":true,"href":"https:\/\/wdenon.com\/greenerinspection\/index.php\/wp-json\/wp\/v2\/comments?post=8"}],"version-history":[{"count":34,"href":"https:\/\/wdenon.com\/greenerinspection\/index.php\/wp-json\/wp\/v2\/pages\/8\/revisions"}],"predecessor-version":[{"id":244,"href":"https:\/\/wdenon.com\/greenerinspection\/index.php\/wp-json\/wp\/v2\/pages\/8\/revisions\/244"}],"wp:attachment":[{"href":"https:\/\/wdenon.com\/greenerinspection\/index.php\/wp-json\/wp\/v2\/media?parent=8"}],"curies":[{"name":"wp","href":"https:\/\/api.w.org\/{rel}","templated":true}]}}